{"id":130,"date":"2025-03-13T11:50:57","date_gmt":"2025-03-13T11:50:57","guid":{"rendered":"https:\/\/www.cservis.eu\/?page_id=130"},"modified":"2026-04-07T13:39:43","modified_gmt":"2026-04-07T13:39:43","slug":"kopirovaci-stroje","status":"publish","type":"page","link":"https:\/\/www.cservis.eu\/?page_id=130","title":{"rendered":"KOP\u00cdROVAC\u00cd STROJE"},"content":{"rendered":"\n<p>V\u00e1\u017een\u00ed z\u00e1kazn\u00edci, od 1.1.2014 na\u0161e spole\u010dnost p\u0159ebrala aktivita spole\u010dnosti TFK &#8211; Trhov\u00e9 Sviny.<br>T\u00edmto jsme roz\u0161\u00ed\u0159ili svoji p\u016fsobnost o provozovnu v Tov\u00e1rn\u00ed 1002, Trhov\u00e9 Sviny, a v\u00fdrazn\u011b tak pos\u00edlili na\u0161e mo\u017enosti v poskytov\u00e1n\u00ed kvalitn\u00edch slu\u017eeb v oblasti kop\u00edrovac\u00edch stroj\u016f a tiskov\u00fdch \u0159e\u0161en\u00ed CANON.<\/p>\n\n\n\n<p>P\u0159evzet\u00edm spole\u010dnosti jsme se z\u00e1rove\u0148 staly &#8222;Canon Accredited Partner&#8220;.<\/p>\n\n\n\n<p><strong>Adresa provozovny Trhov\u00e9 Sviny :<\/strong><\/p>\n\n\n\n<p>Tov\u00e1rn\u00ed 1002<br>Trhov\u00e9 Sviny 374 01<br>Tel. : +420 386 322 544<br>Fax. : +420 386 321 905<br>Mobil : +420 728 814 963<br>Email : tfk@cservis.cz<\/p>\n","protected":false},"excerpt":{"rendered":"<p>V\u00e1\u017een\u00ed z\u00e1kazn\u00edci, od 1.1.2014 na\u0161e spole\u010dnost p\u0159ebrala aktivita spole\u010dnosti TFK &#8211; Trhov\u00e9 Sviny.T\u00edmto jsme roz\u0161\u00ed\u0159ili svoji p\u016fsobnost o provozovnu v Tov\u00e1rn\u00ed 1002, Trhov\u00e9 Sviny, a v\u00fdrazn\u011b tak pos\u00edlili na\u0161e mo\u017enosti v poskytov\u00e1n\u00ed kvalitn\u00edch slu\u017eeb v oblasti kop\u00edrovac\u00edch stroj\u016f a tiskov\u00fdch \u0159e\u0161en\u00ed CANON. P\u0159evzet\u00edm spole\u010dnosti jsme se z\u00e1rove\u0148 staly &#8222;Canon Accredited Partner&#8220;. Adresa provozovny Trhov\u00e9 Sviny [&hellip;]<\/p>\n","protected":false},"author":1,"featured_media":0,"parent":0,"menu_order":0,"comment_status":"closed","ping_status":"closed","template":"","meta":{"footnotes":""},"class_list":["post-130","page","type-page","status-publish","hentry"],"_links":{"self":[{"href":"https:\/\/www.cservis.eu\/index.php?rest_route=\/wp\/v2\/pages\/130","targetHints":{"allow":["GET"]}}],"collection":[{"href":"https:\/\/www.cservis.eu\/index.php?rest_route=\/wp\/v2\/pages"}],"about":[{"href":"https:\/\/www.cservis.eu\/index.php?rest_route=\/wp\/v2\/types\/page"}],"author":[{"embeddable":true,"href":"https:\/\/www.cservis.eu\/index.php?rest_route=\/wp\/v2\/users\/1"}],"replies":[{"embeddable":true,"href":"https:\/\/www.cservis.eu\/index.php?rest_route=%2Fwp%2Fv2%2Fcomments&post=130"}],"version-history":[{"count":2,"href":"https:\/\/www.cservis.eu\/index.php?rest_route=\/wp\/v2\/pages\/130\/revisions"}],"predecessor-version":[{"id":279,"href":"https:\/\/www.cservis.eu\/index.php?rest_route=\/wp\/v2\/pages\/130\/revisions\/279"}],"wp:attachment":[{"href":"https:\/\/www.cservis.eu\/index.php?rest_route=%2Fwp%2Fv2%2Fmedia&parent=130"}],"curies":[{"name":"wp","href":"https:\/\/api.w.org\/{rel}","templated":true}]}}