{"id":132,"date":"2025-03-13T11:51:10","date_gmt":"2025-03-13T11:51:10","guid":{"rendered":"https:\/\/www.cservis.eu\/?page_id=132"},"modified":"2026-04-07T13:40:14","modified_gmt":"2026-04-07T13:40:14","slug":"dokumenty","status":"publish","type":"page","link":"https:\/\/www.cservis.eu\/?page_id=132","title":{"rendered":"DOKUMENTY"},"content":{"rendered":"\n<p>v\u0161eobecn\u00e9 obchodn\u00ed podmn\u00ednky<\/p>\n\n\n\n<ul class=\"wp-block-list\">\n<li><a href=\"http:\/\/www.cservis.cz\/uploadfiles\/VOP2021.pdf\" target=\"_blank\" rel=\"noreferrer noopener\">VOP2021.pdf<\/a><\/li>\n\n\n\n<li><a href=\"https:\/\/sledovanitv.cz\/info\/s\/vop\">VOP Sledovani TV<\/a><\/li>\n<\/ul>\n\n\n\n<p>podm\u00ednky p\u0159enositelnosti telefonn\u00edch \u010d\u00edsel<\/p>\n\n\n\n<ul class=\"wp-block-list\">\n<li><a href=\"http:\/\/www.cservis.cz\/uploadfiles\/podm%C3%ADnkyprenositelnost2023.pdf\" target=\"_blank\" rel=\"noreferrer noopener\">podminky_prenositelnosti.pdf<\/a><\/li>\n<\/ul>\n\n\n\n<p>informace k vyu\u017eit\u00ed zm\u011bny poskytovatele<\/p>\n\n\n\n<ul class=\"wp-block-list\">\n<li><a href=\"http:\/\/www.cservis.cz\/uploadfiles\/Informacezmenaposkytovatele.pdf\" target=\"_blank\" rel=\"noreferrer noopener\">Informace k vyu\u017eit\u00ed zm\u011bny poskytovatele.pdf<\/a><\/li>\n<\/ul>\n\n\n\n<p>z\u00e1sady zpracov\u00e1n\u00ed osobn\u00edch \u00fadaj\u016f<\/p>\n\n\n\n<ul class=\"wp-block-list\">\n<li><a href=\"http:\/\/www.cservis.cz\/uploadfiles\/zasasdyzpracovani.pdf\" target=\"_blank\" rel=\"noreferrer noopener\">zasasdyzpracovani.pdf<\/a><\/li>\n<\/ul>\n\n\n\n<p>cen\u00edk internet<\/p>\n\n\n\n<ul class=\"wp-block-list\">\n<li><a href=\"http:\/\/www.cservis.cz\/uploadfiles\/cenik%20internet.pdf\" target=\"_blank\" rel=\"noreferrer noopener\">cenik internet.pdf<\/a><\/li>\n<\/ul>\n\n\n\n<p>vzor smlouvy<\/p>\n\n\n\n<ul class=\"wp-block-list\">\n<li><a href=\"http:\/\/www.cservis.cz\/uploadfiles\/vzorsml.pdf\" target=\"_blank\" rel=\"noreferrer noopener\">vzorsml.pdf<\/a><\/li>\n<\/ul>\n\n\n\n<h3 class=\"wp-block-heading\">Mimosoudn\u00ed \u0159e\u0161en\u00ed spot\u0159ebitelsk\u00fdch spor\u016f<\/h3>\n\n\n\n<p>V p\u0159\u00edpad\u011b, \u017ee dojde ke vzniku spot\u0159ebitelsk\u00e9ho sporu z kupn\u00ed smlouvy nebo ze smlouvy o poskytov\u00e1n\u00ed slu\u017eeb, kter\u00fd se nepoda\u0159\u00ed vy\u0159e\u0161it vz\u00e1jemnou dohodou, m\u016f\u017ee spot\u0159ebitel podat n\u00e1vrh na mimosoudn\u00ed \u0159e\u0161en\u00ed takov\u00e9ho sporu ur\u010den\u00e9mu subjektu mimosoudn\u00edho \u0159e\u0161en\u00ed spot\u0159ebitelsk\u00fdch spor\u016f, kter\u00fdm je pro slu\u017eby elektronick\u00fdch komunikac\u00ed \u010cesk\u00fd telekomunika\u010dn\u00ed \u00fa\u0159ad&nbsp;<a href=\"https:\/\/www.ctu.cz\/\">https:\/\/www.ctu.cz<\/a>&nbsp;a pro ostatn\u00ed slu\u017eby a obchod \u010cesk\u00e1 obchodn\u00ed inspekce&nbsp;<a href=\"https:\/\/www.coi.cz\/\">https:\/\/www.coi.cz<\/a><\/p>\n","protected":false},"excerpt":{"rendered":"<p>v\u0161eobecn\u00e9 obchodn\u00ed podmn\u00ednky podm\u00ednky p\u0159enositelnosti telefonn\u00edch \u010d\u00edsel informace k vyu\u017eit\u00ed zm\u011bny poskytovatele z\u00e1sady zpracov\u00e1n\u00ed osobn\u00edch \u00fadaj\u016f cen\u00edk internet vzor smlouvy Mimosoudn\u00ed \u0159e\u0161en\u00ed spot\u0159ebitelsk\u00fdch spor\u016f V p\u0159\u00edpad\u011b, \u017ee dojde ke vzniku spot\u0159ebitelsk\u00e9ho sporu z kupn\u00ed smlouvy nebo ze smlouvy o poskytov\u00e1n\u00ed slu\u017eeb, kter\u00fd se nepoda\u0159\u00ed vy\u0159e\u0161it vz\u00e1jemnou dohodou, m\u016f\u017ee spot\u0159ebitel podat n\u00e1vrh na mimosoudn\u00ed \u0159e\u0161en\u00ed takov\u00e9ho [&hellip;]<\/p>\n","protected":false},"author":1,"featured_media":0,"parent":0,"menu_order":0,"comment_status":"closed","ping_status":"closed","template":"","meta":{"footnotes":""},"class_list":["post-132","page","type-page","status-publish","hentry"],"_links":{"self":[{"href":"https:\/\/www.cservis.eu\/index.php?rest_route=\/wp\/v2\/pages\/132","targetHints":{"allow":["GET"]}}],"collection":[{"href":"https:\/\/www.cservis.eu\/index.php?rest_route=\/wp\/v2\/pages"}],"about":[{"href":"https:\/\/www.cservis.eu\/index.php?rest_route=\/wp\/v2\/types\/page"}],"author":[{"embeddable":true,"href":"https:\/\/www.cservis.eu\/index.php?rest_route=\/wp\/v2\/users\/1"}],"replies":[{"embeddable":true,"href":"https:\/\/www.cservis.eu\/index.php?rest_route=%2Fwp%2Fv2%2Fcomments&post=132"}],"version-history":[{"count":2,"href":"https:\/\/www.cservis.eu\/index.php?rest_route=\/wp\/v2\/pages\/132\/revisions"}],"predecessor-version":[{"id":280,"href":"https:\/\/www.cservis.eu\/index.php?rest_route=\/wp\/v2\/pages\/132\/revisions\/280"}],"wp:attachment":[{"href":"https:\/\/www.cservis.eu\/index.php?rest_route=%2Fwp%2Fv2%2Fmedia&parent=132"}],"curies":[{"name":"wp","href":"https:\/\/api.w.org\/{rel}","templated":true}]}}