{"id":136,"date":"2025-03-13T11:51:37","date_gmt":"2025-03-13T11:51:37","guid":{"rendered":"https:\/\/www.cservis.eu\/?page_id=136"},"modified":"2026-04-08T09:17:15","modified_gmt":"2026-04-08T09:17:15","slug":"kontakty","status":"publish","type":"page","link":"https:\/\/www.cservis.eu\/?page_id=136","title":{"rendered":"KONTAKTY"},"content":{"rendered":"\n<div class=\"wp-block-columns is-layout-flex wp-container-core-columns-is-layout-28f84493 wp-block-columns-is-layout-flex\">\n<div class=\"wp-block-column is-layout-flow wp-block-column-is-layout-flow\">\n<p><strong>Telefonn\u00ed kontakty :<\/strong><\/p>\n\n\n\n<div class=\"wp-block-columns is-layout-flex wp-container-core-columns-is-layout-28f84493 wp-block-columns-is-layout-flex\">\n<div class=\"wp-block-column is-layout-flow wp-block-column-is-layout-flow\">\n<p>Veden\u00ed firmy <br>Obchod, fakturace<br>Internet, technick\u00e1 podpora<br>Hotline &#8211; hl\u00e1\u0161en\u00ed poruch (8:00 &#8211; 19:00)<\/p>\n<\/div>\n\n\n\n<div class=\"wp-block-column is-layout-flow wp-block-column-is-layout-flow\">\n<p>+420 380 426 666<br>+420 381 212 543<br>+420 381 212 543<br>+420 604 219 141<\/p>\n<\/div>\n<\/div>\n\n\n\n<p><strong>Emailov\u00e9 kontakty :<\/strong><\/p>\n\n\n\n<div class=\"wp-block-columns is-layout-flex wp-container-core-columns-is-layout-28f84493 wp-block-columns-is-layout-flex\">\n<div class=\"wp-block-column is-layout-flow wp-block-column-is-layout-flow\">\n<p>veden\u00ed firmy<br>obchod, fakturace<br>internet, technick\u00e1 podpora<\/p>\n<\/div>\n\n\n\n<div class=\"wp-block-column is-layout-flow wp-block-column-is-layout-flow\">\n<p>info@cservis.cz<br>podpora@cservis.cz<br> monitoring@cservis.cz<\/p>\n<\/div>\n<\/div>\n<\/div>\n<\/div>\n\n\n\n<p><\/p>\n\n\n\n<p><br><br><br>PROVOZOVNA BECHYN\u011a<br>CSERVIS &#8211; RICHARD FILIP<br>N\u00e1m\u011bst\u00ed T.G.M. 12 Bechyn\u011b, 39165<br>Provozn\u00ed doba &#8211; Pond\u011bl\u00ed &#8211; P\u00e1tek 9:00 &#8211; 11:30, 13:30 &#8211; 16:00<br> <\/p>\n\n\n\n<figure class=\"wp-block-table\"><table class=\"has-fixed-layout\"><tbody><tr><td class=\"has-text-align-left\" data-align=\"left\"><strong><em>&nbsp; Telefon\u00ed kontakty :<\/em><\/strong><\/td><td class=\"has-text-align-left\" data-align=\"left\">&nbsp;<\/td><td class=\"has-text-align-left\" data-align=\"left\" rowspan=\"15\">&nbsp;&nbsp;&nbsp;&nbsp;&nbsp;&nbsp;&nbsp;https:\/\/maps.google.cz\/maps?f=q&amp;source=embed&amp;hl=cs&amp;geocode=&amp;q=n%C3%A1m%C4%9Bst%C3%AD+Tom%C3%A1%C5%A1e+Garrigue+Masaryka+12,+Bechyn%C4%9B&amp;aq=0&amp;oq=n%C3%A1&amp;sll=49.803763,15.474913&amp;sspn=3.665945,9.569092&amp;t=h&amp;brcurrent=5,0,0&amp;ie=UTF8&amp;hq=&amp;hnear=n%C3%A1m%C4%9Bst%C3%AD+Tom%C3%A1%C5%A1e+Garrigue+Masaryka+12,+391+65+Bechyn%C4%9B&amp;layer=c&amp;cbll=49.29565,14.469198&amp;panoid=DIZF1S4ukd_FXYuZkD_PHA&amp;cbp=13,79.67,,0,-0.54&amp;ll=49.292413,14.469166&amp;spn=0.011196,0.030041&amp;z=14&amp;output=svembed<br><a href=\"https:\/\/maps.google.cz\/maps?f=q&amp;source=embed&amp;hl=cs&amp;geocode=&amp;q=n%C3%A1m%C4%9Bst%C3%AD+Tom%C3%A1%C5%A1e+Garrigue+Masaryka+12,+Bechyn%C4%9B&amp;aq=0&amp;oq=n%C3%A1&amp;sll=49.803763,15.474913&amp;sspn=3.665945,9.569092&amp;t=h&amp;brcurrent=5,0,0&amp;ie=UTF8&amp;hq=&amp;hnear=n%C3%A1m%C4%9Bst%C3%AD+Tom%C3%A1%C5%A1e+Garrigue+Masaryka+12,+391+65+Bechyn%C4%9B&amp;layer=c&amp;cbll=49.29565,14.469198&amp;panoid=DIZF1S4ukd_FXYuZkD_PHA&amp;cbp=13,79.67,,0,-0.54&amp;ll=49.292413,14.469166&amp;spn=0.011196,0.030041&amp;z=14\">Zv\u011bt\u0161it mapu<\/a><\/td><\/tr><tr><td class=\"has-text-align-left\" data-align=\"left\"><em>Veden\u00ed firmy<\/em><\/td><td class=\"has-text-align-left\" data-align=\"left\">+420 380 426 666<\/td><\/tr><tr><td class=\"has-text-align-left\" data-align=\"left\"><em>Obchod, fakturace<\/em><\/td><td class=\"has-text-align-left\" data-align=\"left\">+420 381 212 543<\/td><\/tr><tr><td class=\"has-text-align-left\" data-align=\"left\"><em>Internet, technick\u00e1 podpora<\/em><\/td><td class=\"has-text-align-left\" data-align=\"left\">+420 381 212 543<\/td><\/tr><tr><td class=\"has-text-align-left\" data-align=\"left\">Hotline &#8211; hl\u00e1\u0161en\u00ed poruch (8:00 &#8211; 19:00)<\/td><td class=\"has-text-align-left\" data-align=\"left\">+420 604 219 141<\/td><\/tr><tr><td class=\"has-text-align-left\" data-align=\"left\">&nbsp;<\/td><td class=\"has-text-align-left\" data-align=\"left\">&nbsp;<\/td><\/tr><tr><td class=\"has-text-align-left\" data-align=\"left\"><strong><em>&nbsp;&nbsp;Emailov\u00e9&nbsp;kontakty :<\/em><\/strong><\/td><td class=\"has-text-align-left\" data-align=\"left\">&nbsp;<\/td><\/tr><tr><td class=\"has-text-align-left\" data-align=\"left\"><em>Veden\u00ed firmy<\/em><\/td><td class=\"has-text-align-left\" data-align=\"left\">info[zavin\u00e1\u010d]cservis.cz<\/td><\/tr><tr><td class=\"has-text-align-left\" data-align=\"left\"><em>Obchod, fakturace<\/em><\/td><td class=\"has-text-align-left\" data-align=\"left\">podpora[zavin\u00e1\u010d]cservis.cz<\/td><\/tr><tr><td class=\"has-text-align-left\" data-align=\"left\"><em>Internet, technick\u00e1 podpora<\/em><\/td><td class=\"has-text-align-left\" data-align=\"left\">monitoring[zavin\u00e1\u010d]cservis.cz<\/td><\/tr><tr><td class=\"has-text-align-left\" data-align=\"left\">&nbsp;<\/td><td class=\"has-text-align-left\" data-align=\"left\">&nbsp;<\/td><\/tr><tr><td class=\"has-text-align-left\" data-align=\"left\"><strong><em>&nbsp; Provozovna Bechyn\u011b :<\/em><\/strong><\/td><\/tr><tr><td class=\"has-text-align-left\" data-align=\"left\"><strong><em>CSERVIS &#8211; Richard Filip<\/em><\/strong><\/td><td class=\"has-text-align-left\" data-align=\"left\"><strong><em>Provozn\u00ed doba<\/em><\/strong><\/td><\/tr><tr><td class=\"has-text-align-left\" data-align=\"left\"><em>N\u00e1m\u011bst\u00ed TGM 12<\/em><em>Bechyn\u011b, 391 65<\/em><\/td><td class=\"has-text-align-left\" data-align=\"left\">Pond\u011bl\u00ed a\u017e P\u00e1tek<strong>9:00 &#8211; 11:30 a 13:30 &#8211; 16:00<\/strong><\/td><\/tr><tr><td class=\"has-text-align-left\" data-align=\"left\">&nbsp;<\/td><td class=\"has-text-align-left\" data-align=\"left\">&nbsp;<\/td><\/tr><tr><td class=\"has-text-align-left\" data-align=\"left\"><em>&nbsp;<\/em><\/td><\/tr><\/tbody><\/table><\/figure>\n\n\n\n<figure class=\"wp-block-table\"><table class=\"has-fixed-layout\"><tbody><tr><td class=\"has-text-align-left\" data-align=\"left\"><strong><em>&nbsp; Provozovna Trhov\u00e9 Sviny :<\/em><\/strong><\/td><td>&nbsp;<\/td><td rowspan=\"2\"><\/td><\/tr><tr><td>Tov\u00e1rn\u00ed 1002<br>Trhov\u00e9 Sviny 374 01<br><br>Tel. : +420 386 322 544<br>Fax. : +420 386 321 905<br><\/td><td>&nbsp;<\/td><\/tr><\/tbody><\/table><\/figure>\n\n\n\n<iframe loading=\"lazy\" src=\"https:\/\/maps.google.cz\/maps?f=q&amp;source=embed&amp;hl=cs&amp;geocode=&amp;q=n%C3%A1m%C4%9Bst%C3%AD+Tom%C3%A1%C5%A1e+Garrigue+Masaryka+12,+Bechyn%C4%9B&amp;aq=0&amp;oq=n%C3%A1&amp;sll=49.803763,15.474913&amp;sspn=3.665945,9.569092&amp;t=h&amp;brcurrent=5,0,0&amp;ie=UTF8&amp;hq=&amp;hnear=n%C3%A1m%C4%9Bst%C3%AD+Tom%C3%A1%C5%A1e+Garrigue+Masaryka+12,+391+65+Bechyn%C4%9B&amp;layer=c&amp;cbll=49.29565,14.469198&amp;panoid=DIZF1S4ukd_FXYuZkD_PHA&amp;cbp=13,79.67,,0,-0.54&amp;ll=49.292413,14.469166&amp;spn=0.011196,0.030041&amp;z=14&amp;output=svembed\" frameborder=\"0\" marginwidth=\"0\" marginheight=\"0\" scrolling=\"no\" width=\"350\" height=\"200\"><\/iframe><br \/><a style=\"color: #0000ff; text-align: left;\" href=\"https:\/\/maps.google.cz\/maps?f=q&amp;source=embed&amp;hl=cs&amp;geocode=&amp;q=n%C3%A1m%C4%9Bst%C3%AD+Tom%C3%A1%C5%A1e+Garrigue+Masaryka+12,+Bechyn%C4%9B&amp;aq=0&amp;oq=n%C3%A1&amp;sll=49.803763,15.474913&amp;sspn=3.665945,9.569092&amp;t=h&amp;brcurrent=5,0,0&amp;ie=UTF8&amp;hq=&amp;hnear=n%C3%A1m%C4%9Bst%C3%AD+Tom%C3%A1%C5%A1e+Garrigue+Masaryka+12,+391+65+Bechyn%C4%9B&amp;layer=c&amp;cbll=49.29565,14.469198&amp;panoid=DIZF1S4ukd_FXYuZkD_PHA&amp;cbp=13,79.67,,0,-0.54&amp;ll=49.292413,14.469166&amp;spn=0.011196,0.030041&amp;z=14\">Zv\u011bt&scaron;it mapu<\/a>\n\n\n\nhttps:\/\/maps.google.cz\/maps?f=q&#038;source=embed&#038;hl=cs&#038;geocode=&#038;q=Tov%C3%A1rn%C3%AD+1002,+Trhov%C3%A9+Sviny&#038;aq=0&#038;oq=Tov%C3%A1rn%C3%AD+1002,+trh&#038;sll=50.102473,14.445151&#038;sspn=0.012291,0.033023&#038;g=Tov%C3%A1rn%C3%AD+1002&#038;brcurrent=5,0,0&#038;ie=UTF8&#038;hq=&#038;hnear=Tov%C3%A1rn%C3%AD+1002,+374+01+Trhov%C3%A9+Sviny&#038;ll=48.842865,14.638738&#038;spn=0.001576,0.004128&#038;t=m&#038;z=14&#038;layer=c&#038;cbll=48.842413,14.638743&#038;panoid=BLfi6-_szYUuOKe9hFlkzw&#038;cbp=12,1.44,,0,1.7&#038;output=svembed\n\n\n\n<p><em><strong>Faktura\u010dn\u00ed adresa :&nbsp;<\/strong><\/em><br>CSERVIS &#8211; Richard Filip&nbsp;<br>u Vodojemu 994<br>Bechyn\u011b 39165<br>I\u010c : 60842008<br>DI\u010c : CZ7301101225<br><br><strong>DIGITAL SERVICES ACT \u2013 Na\u0159\u00edzen\u00ed o digit\u00e1ln\u00edch slu\u017eb\u00e1ch<\/strong><br><strong>Kontaktn\u00ed m\u00edsta, oznamov\u00e1n\u00ed neleg\u00e1ln\u00edho obsahu a pod\u00e1v\u00e1n\u00ed st\u00ed\u017enost\u00ed<br><br><\/strong>CZE\/ENG<br><strong>email<\/strong>&nbsp;: info@cservis.cz<\/p>\n\n\n\n<p><\/p>\n","protected":false},"excerpt":{"rendered":"<p>Telefonn\u00ed kontakty : Veden\u00ed firmy Obchod, fakturaceInternet, technick\u00e1 podporaHotline &#8211; hl\u00e1\u0161en\u00ed poruch (8:00 &#8211; 19:00) +420 380 426 666+420 381 212 543+420 381 212 543+420 604 219 141 Emailov\u00e9 kontakty : veden\u00ed firmyobchod, fakturaceinternet, technick\u00e1 podpora info@cservis.czpodpora@cservis.cz monitoring@cservis.cz PROVOZOVNA BECHYN\u011aCSERVIS &#8211; RICHARD FILIPN\u00e1m\u011bst\u00ed T.G.M. 12 Bechyn\u011b, 39165Provozn\u00ed doba &#8211; Pond\u011bl\u00ed &#8211; P\u00e1tek 9:00 &#8211; 11:30, [&hellip;]<\/p>\n","protected":false},"author":1,"featured_media":0,"parent":0,"menu_order":0,"comment_status":"closed","ping_status":"closed","template":"","meta":{"footnotes":""},"class_list":["post-136","page","type-page","status-publish","hentry"],"_links":{"self":[{"href":"https:\/\/www.cservis.eu\/index.php?rest_route=\/wp\/v2\/pages\/136","targetHints":{"allow":["GET"]}}],"collection":[{"href":"https:\/\/www.cservis.eu\/index.php?rest_route=\/wp\/v2\/pages"}],"about":[{"href":"https:\/\/www.cservis.eu\/index.php?rest_route=\/wp\/v2\/types\/page"}],"author":[{"embeddable":true,"href":"https:\/\/www.cservis.eu\/index.php?rest_route=\/wp\/v2\/users\/1"}],"replies":[{"embeddable":true,"href":"https:\/\/www.cservis.eu\/index.php?rest_route=%2Fwp%2Fv2%2Fcomments&post=136"}],"version-history":[{"count":9,"href":"https:\/\/www.cservis.eu\/index.php?rest_route=\/wp\/v2\/pages\/136\/revisions"}],"predecessor-version":[{"id":305,"href":"https:\/\/www.cservis.eu\/index.php?rest_route=\/wp\/v2\/pages\/136\/revisions\/305"}],"wp:attachment":[{"href":"https:\/\/www.cservis.eu\/index.php?rest_route=%2Fwp%2Fv2%2Fmedia&parent=136"}],"curies":[{"name":"wp","href":"https:\/\/api.w.org\/{rel}","templated":true}]}}