{"id":20,"date":"2025-01-29T07:21:28","date_gmt":"2025-01-29T07:21:28","guid":{"rendered":"https:\/\/www.cservis.eu\/?page_id=20"},"modified":"2026-04-21T13:28:57","modified_gmt":"2026-04-21T13:28:57","slug":"internet","status":"publish","type":"page","link":"https:\/\/www.cservis.eu\/?page_id=20","title":{"rendered":"P\u0158IPOJEN\u00cd K INTERNETU"},"content":{"rendered":"\n<div class=\"wp-block-group ext-animate--on is-layout-flow wp-block-group-is-layout-flow\">\n<figure class=\"wp-block-image aligncenter size-full is-resized is-style-default\" style=\"margin-top:0;margin-bottom:0\"><img loading=\"lazy\" decoding=\"async\" width=\"862\" height=\"204\" src=\"https:\/\/www.cservis.eu\/wp-content\/uploads\/2025\/01\/slide1-1.jpg\" alt=\"\" class=\"wp-image-54\" style=\"aspect-ratio:4.225584594222833;object-fit:cover;width:900px\" srcset=\"https:\/\/www.cservis.eu\/wp-content\/uploads\/2025\/01\/slide1-1.jpg 862w, https:\/\/www.cservis.eu\/wp-content\/uploads\/2025\/01\/slide1-1-300x71.jpg 300w, https:\/\/www.cservis.eu\/wp-content\/uploads\/2025\/01\/slide1-1-768x182.jpg 768w\" sizes=\"auto, (max-width: 862px) 100vw, 862px\" \/><\/figure>\n\n\n\n<div class=\"wp-block-group ext-animate--on has-global-padding is-layout-constrained wp-container-core-group-is-layout-f36bc466 wp-block-group-is-layout-constrained\">\n<p class=\"has-text-align-center has-text-color has-link-color wp-elements-9c2a45289fba0f92d54e4d7f6c1cc746\" style=\"color:#2e2e2e\">Na\u0161\u00ed prioritou je v prvn\u00ed \u0159ad\u011b nab\u00eddnout V\u00e1m kvalitn\u00ed a vysokorychlostn\u00ed internetov\u00e9 p\u0159ipojen\u00ed p\u0159i vyu\u017eit\u00ed modern\u00edch technologi\u00ed. Na\u0161e s\u00ed\u0165 vyu\u017e\u00edv\u00e1 nejmodern\u011bj\u0161\u00ed technologie v podob\u011b optick\u00fdch vl\u00e1ken, mikrovln\u00fdch spoj\u016f v p\u00e1smech 80Ghz,60Ghz,24Ghz,11Ghz,10Ghz a 5Ghz.Vlastn\u00edme rozs\u00e1hl\u00e9 optick\u00e9 s\u00edt\u011b v Bechyni a T\u00fdn\u011b nad Vltavou, kter\u00e9 jsou zcela leg\u00e1ln\u00ed a z v\u011bt\u0161iny ulo\u017eeny v zemi.<\/p>\n<\/div>\n\n\n\n<div class=\"wp-block-group alignwide is-style-default has-background has-global-padding is-layout-constrained wp-container-core-group-is-layout-70f3c447 wp-block-group-is-layout-constrained\" style=\"background-color:#e3f0fb;padding-right:0;padding-left:0\">\n<h2 class=\"wp-block-heading\">P\u0158IPOJEN\u00cd OPTICK\u00ddM VL\u00c1KNEM<\/h2>\n\n\n\n<figure class=\"wp-block-table\"><table class=\"has-white-color has-text-color has-background has-link-color\" style=\"background:linear-gradient(135deg,rgba(20,89,217,0.76) 0%,rgb(1,84,227) 97%)\"><tbody><tr><th>&nbsp;Pau\u0161\u00e1l<\/th><th><strong>rychlost<\/strong> <strong>p\u0159ipojen\u00ed (download\/upload)<\/strong><\/th><th>cena s DPH<\/th><th>bonus<\/th><\/tr><tr><td>C-NET HomeMini<\/td><td>&nbsp;100Mbps &#8211; 300Mbps dle lokality<\/td><td>&nbsp;295,-<\/td><td>&nbsp;246,-<\/td><\/tr><\/tbody><\/table><\/figure>\n\n\n\n<ul class=\"wp-block-list\">\n<li>z\u0159izovac\u00ed poplatek 990 K\u010d s DPH<\/li>\n\n\n\n<li>bonus = ro\u010dn\u00ed p\u0159edplatn\u00e9<\/li>\n<\/ul>\n\n\n\n<p>&nbsp;&#8211;&nbsp;nav\u00fd\u0161en\u00ed rychlosti u st\u00e1vaj\u00edc\u00edch z\u00e1kazn\u00edk\u016f na vy\u017e\u00e1d\u00e1n\u00ed<\/p>\n\n\n\n<p>&#8211; dostupn\u00e9 lokality v Bechyni : P\u00edseck\u00e1, Obr\u00e1ncu m\u00edru, Na libu\u0161i, Libu\u0161ina, Novodvorsk\u00e1<br>&#8211; dostupn\u00e9 lokality v T\u00fdn\u011b nad Vltavou : Hlineck\u00e1, Komensk\u00e9ho, Veselsk\u00e1, U zast\u00e1vky, N\u00e1m\u011bst\u00ed ml\u00e1de\u017ee, Malostransk\u00e1, Vod\u0148ansk\u00e1, U&nbsp;L\u00edpy<br>&#8211; dostupn\u00e9 lokality v Chr\u00e1\u0161\u0165anech : \u010dp. 131, \u010dp. 109, \u010dp. 108<\/p>\n<\/div>\n\n\n\n<div class=\"wp-block-group ext-animate--on has-global-padding is-layout-constrained wp-container-core-group-is-layout-f36bc466 wp-block-group-is-layout-constrained\">\n<h2 class=\"wp-block-heading\">BEZDR\u00c1TOV\u00c9 P\u0158IPOJEN\u00cd K INTERNETU<\/h2>\n\n\n\n<figure class=\"wp-block-table\"><table class=\"has-white-color has-text-color has-background has-link-color has-fixed-layout\" style=\"background:linear-gradient(135deg,rgba(20,89,217,0.76) 0%,rgb(1,84,227) 100%)\"><tbody><tr><th><strong>&nbsp;Pau\u0161\u00e1l<\/strong><\/th><th><strong>rychlost p\u0159ipojen\u00ed (download\/upload)<\/strong><\/th><th><strong>cena s DPH<\/strong><\/th><th><strong>bonus<\/strong><\/th><\/tr><tr><td>C-NET HomeMini<\/td><td>&nbsp;30\/15 Mbps<\/td><td>&nbsp;295,-<\/td><td>&nbsp;246,-<\/td><\/tr><tr><td>C-NET HomeMidi<\/td><td>&nbsp;40\/18 Mbps<\/td><td>&nbsp;395,-<\/td><td>&nbsp;330,-<\/td><\/tr><tr><td>C-NET HomeOptimum<\/td><td>&nbsp;50\/20 Mbps<\/td><td>&nbsp;555,-<\/td><td>&nbsp;463,-<\/td><\/tr><\/tbody><\/table><\/figure>\n\n\n\n<ul class=\"wp-block-list\">\n<li>z\u0159izovac\u00ed poplatek 1.990 k\u010d s DPH<\/li>\n\n\n\n<li>bonus = ro\u010dn\u00ed p\u0159edplatn\u00e9<\/li>\n<\/ul>\n<\/div>\n\n\n\n<div class=\"wp-block-group ext-animate--on has-global-padding is-layout-constrained wp-container-core-group-is-layout-f36bc466 wp-block-group-is-layout-constrained\">\n<h2 class=\"wp-block-heading\">Specifikace rozhran\u00ed poskytovan\u00fdch spole\u010dnost\u00ed CSERVIS<\/h2>\n\n\n\n<figure class=\"wp-block-table is-style-stripes\"><table class=\"has-fixed-layout\"><tbody><tr><td><strong>zna\u010den\u00ed<\/strong><\/td><td><strong>&nbsp;Typ<\/strong><\/td><td><strong>&nbsp;Konektor<\/strong><\/td><td>&nbsp;<strong>Norma<\/strong><\/td><\/tr><tr><td>&nbsp;100base<\/td><td>&nbsp;Ethernet<\/td><td>&nbsp;RJ-45<\/td><td>&nbsp;802.3u<\/td><\/tr><tr><td>&nbsp;1000base<\/td><td>&nbsp;Ethernet<\/td><td>&nbsp;RJ-45<\/td><td>&nbsp;802.3<\/td><\/tr><tr><td>&nbsp;1 Gbit<\/td><td>&nbsp;Optika<\/td><td>&nbsp;LC,SC,LX,E2000<\/td><td>&nbsp;802.11z<\/td><\/tr><tr><td>&nbsp;1 Gbit<\/td><td>&nbsp;Optika<\/td><td>&nbsp;LC,SC,LX,E2000<\/td><td>&nbsp;802.11.ae<\/td><\/tr><tr><td>&nbsp;WiFi 5GHz<\/td><td>&nbsp;WiFi<\/td><td>&nbsp;RJ-45<\/td><td>&nbsp;802.11a<\/td><\/tr><tr><td>&nbsp;Wifi 2,4GHz<\/td><td>&nbsp;WiFi<\/td><td>&nbsp;RJ-45<\/td><td>&nbsp;802.11b,g<\/td><\/tr><\/tbody><\/table><\/figure>\n\n\n\n<div  style=\"text-align:center;\"><iframe loading=\"lazy\" src=\"https:\/\/maps.google.com\/maps\/ms?msa=0&amp;msid=205636013912204220021.0004b97a856b2ef4ea0d1&amp;ie=UTF8&amp;t=m&amp;source=embed&amp;ll=49.341231,14.427795&amp;spn=0.357909,1.251068&amp;output=embed\" frameborder=\"0\" marginwidth=\"0\" marginheight=\"0\" scrolling=\"no\" width=\"825\" height=\"450\"><\/iframe><\/div>\n<\/div>\n<\/div>\n","protected":false},"excerpt":{"rendered":"<p>Na\u0161\u00ed prioritou je v prvn\u00ed \u0159ad\u011b nab\u00eddnout V\u00e1m kvalitn\u00ed a vysokorychlostn\u00ed internetov\u00e9 p\u0159ipojen\u00ed p\u0159i vyu\u017eit\u00ed modern\u00edch technologi\u00ed. Na\u0161e s\u00ed\u0165 vyu\u017e\u00edv\u00e1 nejmodern\u011bj\u0161\u00ed technologie v podob\u011b optick\u00fdch vl\u00e1ken, mikrovln\u00fdch spoj\u016f v p\u00e1smech 80Ghz,60Ghz,24Ghz,11Ghz,10Ghz a 5Ghz.Vlastn\u00edme rozs\u00e1hl\u00e9 optick\u00e9 s\u00edt\u011b v Bechyni a T\u00fdn\u011b nad Vltavou, kter\u00e9 jsou zcela leg\u00e1ln\u00ed a z v\u011bt\u0161iny ulo\u017eeny v zemi. P\u0158IPOJEN\u00cd OPTICK\u00ddM VL\u00c1KNEM [&hellip;]<\/p>\n","protected":false},"author":1,"featured_media":0,"parent":0,"menu_order":0,"comment_status":"closed","ping_status":"closed","template":"","meta":{"footnotes":""},"class_list":["post-20","page","type-page","status-publish","hentry"],"_links":{"self":[{"href":"https:\/\/www.cservis.eu\/index.php?rest_route=\/wp\/v2\/pages\/20","targetHints":{"allow":["GET"]}}],"collection":[{"href":"https:\/\/www.cservis.eu\/index.php?rest_route=\/wp\/v2\/pages"}],"about":[{"href":"https:\/\/www.cservis.eu\/index.php?rest_route=\/wp\/v2\/types\/page"}],"author":[{"embeddable":true,"href":"https:\/\/www.cservis.eu\/index.php?rest_route=\/wp\/v2\/users\/1"}],"replies":[{"embeddable":true,"href":"https:\/\/www.cservis.eu\/index.php?rest_route=%2Fwp%2Fv2%2Fcomments&post=20"}],"version-history":[{"count":63,"href":"https:\/\/www.cservis.eu\/index.php?rest_route=\/wp\/v2\/pages\/20\/revisions"}],"predecessor-version":[{"id":414,"href":"https:\/\/www.cservis.eu\/index.php?rest_route=\/wp\/v2\/pages\/20\/revisions\/414"}],"wp:attachment":[{"href":"https:\/\/www.cservis.eu\/index.php?rest_route=%2Fwp%2Fv2%2Fmedia&parent=20"}],"curies":[{"name":"wp","href":"https:\/\/api.w.org\/{rel}","templated":true}]}}