{"id":237,"date":"2026-04-07T08:37:04","date_gmt":"2026-04-07T08:37:04","guid":{"rendered":"https:\/\/www.cservis.eu\/?page_id=237"},"modified":"2026-04-07T10:30:34","modified_gmt":"2026-04-07T10:30:34","slug":"it-sluzby","status":"publish","type":"page","link":"https:\/\/www.cservis.eu\/?page_id=237","title":{"rendered":"IT Slu\u017eby"},"content":{"rendered":"\n<figure class=\"wp-block-image size-full\"><img loading=\"lazy\" decoding=\"async\" width=\"742\" height=\"217\" src=\"https:\/\/www.cservis.eu\/wp-content\/uploads\/2026\/04\/slide3.jpg\" alt=\"\" class=\"wp-image-258\" srcset=\"https:\/\/www.cservis.eu\/wp-content\/uploads\/2026\/04\/slide3.jpg 742w, https:\/\/www.cservis.eu\/wp-content\/uploads\/2026\/04\/slide3-300x88.jpg 300w\" sizes=\"auto, (max-width: 742px) 100vw, 742px\" \/><\/figure>\n\n\n\n<h1 class=\"wp-block-heading\"><em>PRODEJ A SERVIS PC<\/em><\/h1>\n\n\n\n<p>M\u00e1te z\u00e1jem o nov\u00fd po\u010d\u00edta\u010d? Nev\u00e1hejte a nav\u0161ivte n\u00e1s v na\u0161em kamenn\u00e9m obchod\u011b, kde s V\u00e1mi p\u0159iprav\u00edme sestavu p\u0159\u00edmo na m\u00edru, p\u0159esn\u011b podle Va\u0161ich p\u0159edstav.<\/p>\n\n\n\n<p>Prod\u00e1v\u00e1me kvalitn\u00ed po\u010d\u00edta\u010dov\u00e9 sestavy pod zna\u010dkou HAL3000.<\/p>\n\n\n\n<p>Pokud \u017e\u00e1d\u00e1te profesionalitu za rozumnou cenu, pot\u00e9 V\u00e1m doporu\u010d\u00edme produkty zna\u010dky DELL. S t\u011bmito produkty dostanete nep\u0159ekonatelnou podporu. Z\u00e1ruku 2 roky NBD ( next bussines day, n\u00e1sleduj\u00edc\u00ed pracovn\u00ed den u z\u00e1kazn\u00edka )<\/p>\n\n\n\n<h1 class=\"wp-block-heading\"><em>SERVIS A PRODEJ TISK\u00c1REN A KOP\u00cdROVAC\u00cdCH STROJ\u016e<\/em><\/h1>\n\n\n\n<p><strong>Pot\u0159ebujete tisk\u00e1rnu, kop\u00edrku<\/strong>&nbsp;nebo cel\u00e9&nbsp;<strong>multifunk\u010dn\u00ed za\u0159\u00edzen\u00ed<\/strong>. P\u0159iprav\u00edme pro V\u00e1s optim\u00e1ln\u00ed nab\u00eddku a najdeme takov\u00e9 \u0159e\u0161en\u00ed, kter\u00e9 povede k Va\u0161\u00ed spokojenosti. Nab\u00edz\u00edme V\u00e1m odborn\u00fd servis a \u00fadr\u017ebu v\u0161ech typ\u016f tisk\u00e1ren a kop\u00edrovac\u00edch stroj\u016f. Prov\u00e1d\u00edme renovaci inkoustov\u00fdch i tonerov\u00fdch kazet. \u00daspora p\u0159i takov\u00e9m \u0159e\u0161en\u00ed a\u017e 50%.<\/p>\n\n\n\n<ul class=\"wp-block-list\">\n<li>renovace inkoustov\u00fdch a tonerov\u00fdch kazet<\/li>\n\n\n\n<li>dlouholet\u00e9 zku\u0161enosti se servisem tisk\u00e1ren a kop\u00edrovac\u00edch stroj\u016f<\/li>\n\n\n\n<li>prodej a servis tisk\u00e1ren a kop\u00edrovac\u00edch stroj\u016f<\/li>\n<\/ul>\n","protected":false},"excerpt":{"rendered":"<p>PRODEJ A SERVIS PC M\u00e1te z\u00e1jem o nov\u00fd po\u010d\u00edta\u010d? Nev\u00e1hejte a nav\u0161ivte n\u00e1s v na\u0161em kamenn\u00e9m obchod\u011b, kde s V\u00e1mi p\u0159iprav\u00edme sestavu p\u0159\u00edmo na m\u00edru, p\u0159esn\u011b podle Va\u0161ich p\u0159edstav. Prod\u00e1v\u00e1me kvalitn\u00ed po\u010d\u00edta\u010dov\u00e9 sestavy pod zna\u010dkou HAL3000. Pokud \u017e\u00e1d\u00e1te profesionalitu za rozumnou cenu, pot\u00e9 V\u00e1m doporu\u010d\u00edme produkty zna\u010dky DELL. S t\u011bmito produkty dostanete nep\u0159ekonatelnou podporu. Z\u00e1ruku [&hellip;]<\/p>\n","protected":false},"author":1,"featured_media":0,"parent":0,"menu_order":0,"comment_status":"closed","ping_status":"closed","template":"","meta":{"footnotes":""},"class_list":["post-237","page","type-page","status-publish","hentry"],"_links":{"self":[{"href":"https:\/\/www.cservis.eu\/index.php?rest_route=\/wp\/v2\/pages\/237","targetHints":{"allow":["GET"]}}],"collection":[{"href":"https:\/\/www.cservis.eu\/index.php?rest_route=\/wp\/v2\/pages"}],"about":[{"href":"https:\/\/www.cservis.eu\/index.php?rest_route=\/wp\/v2\/types\/page"}],"author":[{"embeddable":true,"href":"https:\/\/www.cservis.eu\/index.php?rest_route=\/wp\/v2\/users\/1"}],"replies":[{"embeddable":true,"href":"https:\/\/www.cservis.eu\/index.php?rest_route=%2Fwp%2Fv2%2Fcomments&post=237"}],"version-history":[{"count":2,"href":"https:\/\/www.cservis.eu\/index.php?rest_route=\/wp\/v2\/pages\/237\/revisions"}],"predecessor-version":[{"id":259,"href":"https:\/\/www.cservis.eu\/index.php?rest_route=\/wp\/v2\/pages\/237\/revisions\/259"}],"wp:attachment":[{"href":"https:\/\/www.cservis.eu\/index.php?rest_route=%2Fwp%2Fv2%2Fmedia&parent=237"}],"curies":[{"name":"wp","href":"https:\/\/api.w.org\/{rel}","templated":true}]}}