{"id":33,"date":"2025-01-29T07:42:32","date_gmt":"2025-01-29T07:42:32","guid":{"rendered":"https:\/\/www.cservis.eu\/?page_id=33"},"modified":"2026-04-21T08:03:19","modified_gmt":"2026-04-21T08:03:19","slug":"cservis-richard-filip","status":"publish","type":"page","link":"https:\/\/www.cservis.eu\/","title":{"rendered":"CSERVIS &#8211; Richard Filip"},"content":{"rendered":"\n<div class=\"wp-block-group ext-animate--on has-global-padding is-layout-constrained wp-container-core-group-is-layout-f36bc466 wp-block-group-is-layout-constrained\">\n\n\n\n\n<p>Na\u0161\u00edm hlavn\u00edm c\u00edlem je poskytnout V\u00e1m kvalitn\u00ed a rychl\u00e9 p\u0159ipojen\u00ed do internetu, bez kter\u00e9ho se ji\u017e neobejde \u017e\u00e1dn\u00e1 dom\u00e1cnost ani firma.<\/p>\n\n\n\n<p>&nbsp;Firemn\u00edm z\u00e1kazn\u00edk\u016fm jsme schopni poskytnout komplexn\u00ed slu\u017eby od p\u0159ipojen\u00ed k internetu, p\u0159es spr\u00e1vu s\u00edt\u011b, opravy v\u00fdpo\u010detn\u00ed techniky, a\u017e po dod\u00e1vky spot\u0159ebn\u00edho materi\u00e1lu v podob\u011b renovovan\u00fdch toner\u016f a kancel\u00e1\u0159sk\u00fdch pot\u0159eb.<\/p>\n\n\n\n<ul class=\"wp-block-list\">\n<li><strong>poskytov\u00e1ni vysokorychlostn\u00edho internetu<\/strong><\/li>\n\n\n\n<li><strong>rozs\u00e1hl\u00e1 optick\u00e1 s\u00ed\u0165<\/strong>&nbsp;v Bechyni a T\u00fdn\u011b nad Vltavou<\/li>\n\n\n\n<li>kvalitn\u00ed bezdr\u00e1tov\u00e9 pokryt\u00ed v okol\u00ed Bechyn\u011b a T\u00fdna nad vltavou<\/li>\n\n\n\n<li>realizace a spr\u00e1va datov\u00fdch s\u00edt\u00ed<\/li>\n\n\n\n<li>prodej a servis po\u010d\u00edta\u010d\u016f, notebook\u016f. Opravy tisk\u00e1ren a kop\u00edrovac\u00edch stroj\u016f<\/li>\n\n\n\n<li>prodej origin\u00e1ln\u00edch,&nbsp;<strong>alternativn\u00edch a renovovan\u00fdch<\/strong>&nbsp;n\u00e1pln\u00ed do tisk\u00e1ren<\/li>\n\n\n\n<li>tvorba webov\u00fdch prezentac\u00ed a redak\u010dn\u00edch syst\u00e9m\u016f<\/li>\n\n\n\n<li class=\"ext-animate--on\"><\/li>\n<\/ul>\n\n\n\n<div class=\"wp-block-columns are-vertically-aligned-center is-layout-flex wp-container-core-columns-is-layout-1ec2ec05 wp-block-columns-is-layout-flex\" style=\"margin-top:0;margin-bottom:0;padding-top:0;padding-right:0;padding-bottom:0;padding-left:0\">\n<div class=\"wp-block-column is-vertically-aligned-center is-layout-flow wp-block-column-is-layout-flow\">\n<figure class=\"wp-block-image aligncenter size-full\"><a href=\"https:\/\/www.cservis.eu\/?page_id=20\"><img loading=\"lazy\" decoding=\"async\" width=\"249\" height=\"360\" src=\"https:\/\/www.cservis.eu\/wp-content\/uploads\/2026\/04\/box_internet.jpg\" alt=\"\" class=\"wp-image-227\" srcset=\"https:\/\/www.cservis.eu\/wp-content\/uploads\/2026\/04\/box_internet.jpg 249w, https:\/\/www.cservis.eu\/wp-content\/uploads\/2026\/04\/box_internet-208x300.jpg 208w\" sizes=\"auto, (max-width: 249px) 100vw, 249px\" \/><\/a><\/figure>\n<\/div>\n\n\n\n<div class=\"wp-block-column is-vertically-aligned-center is-layout-flow wp-block-column-is-layout-flow\">\n<figure class=\"wp-block-image aligncenter size-full\"><a href=\"https:\/\/www.cservis.eu\/?page_id=22\"><img loading=\"lazy\" decoding=\"async\" width=\"249\" height=\"360\" src=\"https:\/\/www.cservis.eu\/wp-content\/uploads\/2026\/04\/box_voip.jpg\" alt=\"\" class=\"wp-image-228\" srcset=\"https:\/\/www.cservis.eu\/wp-content\/uploads\/2026\/04\/box_voip.jpg 249w, https:\/\/www.cservis.eu\/wp-content\/uploads\/2026\/04\/box_voip-208x300.jpg 208w\" sizes=\"auto, (max-width: 249px) 100vw, 249px\" \/><\/a><\/figure>\n<\/div>\n\n\n\n<div class=\"wp-block-column is-vertically-aligned-center is-layout-flow wp-block-column-is-layout-flow\">\n<figure class=\"wp-block-image aligncenter size-full\"><a href=\"https:\/\/www.cservis.eu\/?page_id=237\"><img loading=\"lazy\" decoding=\"async\" width=\"249\" height=\"360\" src=\"https:\/\/www.cservis.eu\/wp-content\/uploads\/2026\/04\/box_it.jpg\" alt=\"\" class=\"wp-image-229\" srcset=\"https:\/\/www.cservis.eu\/wp-content\/uploads\/2026\/04\/box_it.jpg 249w, https:\/\/www.cservis.eu\/wp-content\/uploads\/2026\/04\/box_it-208x300.jpg 208w\" sizes=\"auto, (max-width: 249px) 100vw, 249px\" \/><\/a><\/figure>\n<\/div>\n<\/div>\n<\/div>\n","protected":false},"excerpt":{"rendered":"<p>Na\u0161\u00edm hlavn\u00edm c\u00edlem je poskytnout V\u00e1m kvalitn\u00ed a rychl\u00e9 p\u0159ipojen\u00ed do internetu, bez kter\u00e9ho se ji\u017e neobejde \u017e\u00e1dn\u00e1 dom\u00e1cnost ani firma. &nbsp;Firemn\u00edm z\u00e1kazn\u00edk\u016fm jsme schopni poskytnout komplexn\u00ed slu\u017eby od p\u0159ipojen\u00ed k internetu, p\u0159es spr\u00e1vu s\u00edt\u011b, opravy v\u00fdpo\u010detn\u00ed techniky, a\u017e po dod\u00e1vky spot\u0159ebn\u00edho materi\u00e1lu v podob\u011b renovovan\u00fdch toner\u016f a kancel\u00e1\u0159sk\u00fdch pot\u0159eb.<\/p>\n","protected":false},"author":1,"featured_media":0,"parent":0,"menu_order":0,"comment_status":"closed","ping_status":"closed","template":"","meta":{"footnotes":""},"class_list":["post-33","page","type-page","status-publish","hentry"],"_links":{"self":[{"href":"https:\/\/www.cservis.eu\/index.php?rest_route=\/wp\/v2\/pages\/33","targetHints":{"allow":["GET"]}}],"collection":[{"href":"https:\/\/www.cservis.eu\/index.php?rest_route=\/wp\/v2\/pages"}],"about":[{"href":"https:\/\/www.cservis.eu\/index.php?rest_route=\/wp\/v2\/types\/page"}],"author":[{"embeddable":true,"href":"https:\/\/www.cservis.eu\/index.php?rest_route=\/wp\/v2\/users\/1"}],"replies":[{"embeddable":true,"href":"https:\/\/www.cservis.eu\/index.php?rest_route=%2Fwp%2Fv2%2Fcomments&post=33"}],"version-history":[{"count":23,"href":"https:\/\/www.cservis.eu\/index.php?rest_route=\/wp\/v2\/pages\/33\/revisions"}],"predecessor-version":[{"id":412,"href":"https:\/\/www.cservis.eu\/index.php?rest_route=\/wp\/v2\/pages\/33\/revisions\/412"}],"wp:attachment":[{"href":"https:\/\/www.cservis.eu\/index.php?rest_route=%2Fwp%2Fv2%2Fmedia&parent=33"}],"curies":[{"name":"wp","href":"https:\/\/api.w.org\/{rel}","templated":true}]}}